{"id":214,"date":"2019-11-11T22:14:40","date_gmt":"2019-11-11T21:14:40","guid":{"rendered":"http:\/\/bca.borgward.at\/?page_id=214"},"modified":"2026-04-13T21:52:11","modified_gmt":"2026-04-13T19:52:11","slug":"unser-club-stellt-sich-vor","status":"publish","type":"page","link":"http:\/\/borgward.at\/","title":{"rendered":"Unser Club stellt sich vor"},"content":{"rendered":"<p><!--StartFragment--><\/p>\n\n<div class=\"wp-block-image\">\n<figure class=\"aligncenter\"><img loading=\"lazy\" decoding=\"async\" width=\"700\" height=\"73\" src=\"http:\/\/bca.borgward.at\/wp-content\/uploads\/2019\/11\/Reihe3.jpg\" alt=\"\" class=\"wp-image-225\" srcset=\"http:\/\/borgward.at\/wp-content\/uploads\/2019\/11\/Reihe3.jpg 700w, http:\/\/borgward.at\/wp-content\/uploads\/2019\/11\/Reihe3-300x31.jpg 300w\" sizes=\"auto, (max-width: 700px) 100vw, 700px\" \/><\/figure><\/div>\n\n\n<h2 class=\"wp-block-heading\"><\/h2>\n\n\n\n<h4 class=\"wp-block-heading has-vivid-red-color has-text-color\"><strong>Der Borgward Club Austria wurde im Jahre 1982 von 27 Freunden der Automarken Borgward &#8211; Hansa &#8211; Goliath und Lloyd gegr\u00fcndet.<\/strong><\/h4>\n\n\n\n<p><strong>Der Verein, dessen T\u00e4tigkeit nicht auf Gewinn gerichtet ist, besteht vor allem f\u00fcr die Erhaltung und Pflege der Fahrzeuge aus der Borgwardgruppe!<\/strong><\/p>\n\n\n\n<p><strong>Um ein gutes Gelingen des Vorhabens zu gew\u00e4hren, wurde beschlossen, Zusammenk\u00fcnfte zum Zweck des Erfahrungsaustausches, Tausch oder Verkauf von Ersatzteilen, zwei Clubabende, eine Fr\u00fchjahrs- und eine Herbstausfahrt und ein Borgward-Jahrestreffen durchzuf\u00fchren.<\/strong><\/p>\n\n\n\n<p><strong>Bei den Jahrestreffen bieten Clubmitglieder und andere Borgwardfreunde Ersatzteile zum Kauf an, so da\u00df die Ersatzteilbeschaffung leichter wird!<\/strong><\/p>\n\n\n<div class=\"wp-block-image\">\n<figure class=\"aligncenter is-resized\"><img loading=\"lazy\" decoding=\"async\" width=\"500\" height=\"375\" src=\"http:\/\/bca.borgward.at\/wp-content\/uploads\/2019\/11\/207-Melk-2009.jpg\" alt=\"\" class=\"wp-image-235\" style=\"width:340px;height:255px\" srcset=\"http:\/\/borgward.at\/wp-content\/uploads\/2019\/11\/207-Melk-2009.jpg 500w, http:\/\/borgward.at\/wp-content\/uploads\/2019\/11\/207-Melk-2009-300x225.jpg 300w\" sizes=\"auto, (max-width: 500px) 100vw, 500px\" \/><\/figure><\/div>\n\n\n<p><strong>Mitglieder, die in der Lage sind, Reparaturen an Borgward-Fahrzeugen durchzuf\u00fchren, sollen dies ebenfalls in der Clubzeitung bzw. Internet bekanntgeben.<\/strong><\/p>\n\n\n\n<p><strong>Jedes Clubmitglied hat die M\u00f6glichkeit, Berichte \u00fcber Borgwarderlebnisse, Ausfahrten, Restaurierungen sowie den Verkauf bzw. Ankauf von Ersatzteilen und Fahrzeugen kostenlos zu ver\u00f6ffentlichen.<\/strong><\/p>\n\n\n\n<p><strong>Jedes Mitglied erh\u00e4lt die Clubnachrichten und gesondert Einladungen f\u00fcr alle vom Club organsierten Aktivit\u00e4ten.<\/strong><\/p>\n\n\n\n<p><strong>Unser&nbsp;Mitgliedsbeitrag betr\u00e4gt Euro 35.-<\/strong><\/p>\n\n\n\n<p><a href=\"http:\/\/borgward.at\/wp-content\/uploads\/2023\/01\/Beitrittserklarung-2023.pdf\">zum Beitrittsformular&nbsp;<\/a><\/p>\n\n\n\n<p class=\"has-medium-font-size\"><strong><em> Alle BCA Jahrestreffen im \u00dcberblick <\/em><\/strong><\/p>\n\n\n\n<div class=\"wp-block-group has-medium-font-size\"><div class=\"wp-block-group__inner-container is-layout-constrained wp-block-group-is-layout-constrained\"><\/div><\/div>\n\n\n\n<figure class=\"wp-block-table aligncenter is-style-stripes\"><table class=\"has-background has-fixed-layout\" style=\"background-color:#f3f4f5\"><tbody><tr><td>Gr\u00fcndung 1982&nbsp;<\/td><td><\/td><\/tr><tr><td><strong>1983<\/strong><\/td><td><strong>Traun<\/strong><\/td><\/tr><tr><td><strong>1984<\/strong><\/td><td><strong>Altm\u00fcnster<\/strong><\/td><\/tr><tr><td><strong>1985<\/strong><\/td><td><strong>Salzburg<\/strong><\/td><\/tr><tr><td><strong>1986<\/strong><\/td><td><strong>V\u00f6cklabruck<\/strong><\/td><\/tr><tr><td><strong>1987<\/strong><\/td><td><strong>Mattsee<\/strong><\/td><\/tr><tr><td><strong>1988<\/strong><\/td><td><strong>Werfen<\/strong><\/td><\/tr><tr><td><strong>1989<\/strong><\/td><td><strong>Attersee<\/strong><\/td><\/tr><tr><td><strong>1990<\/strong><\/td><td><strong>Sch\u00e4rding<\/strong><\/td><\/tr><tr><td><strong>1991<\/strong><\/td><td><strong>Mondsee<\/strong><\/td><\/tr><tr><td><strong>1992<\/strong><\/td><td><strong>Steyr<\/strong><\/td><\/tr><tr><td><strong>1993<\/strong><\/td><td><strong>Gmunden<\/strong><\/td><\/tr><tr><td><strong>1994<\/strong><\/td><td><strong>Braunau \/ Mattighofen<\/strong><\/td><\/tr><tr><td><strong>1995<\/strong><\/td><td><strong>Zell am Moos<\/strong><\/td><\/tr><tr><td><strong>1996<\/strong><\/td><td><strong>Wels<\/strong><\/td><\/tr><tr><td><strong>1997<\/strong><\/td><td><strong>Fuschl am See<\/strong><\/td><\/tr><tr><td><strong>1998<\/strong><\/td><td><strong>Ried im Innkreis<\/strong><\/td><\/tr><tr><td><strong>1999<\/strong><\/td><td><strong>Bad Aussee<\/strong><\/td><\/tr><tr><td><strong>2000<\/strong><\/td><td><strong>Wagrain<\/strong><\/td><\/tr><tr><td><strong>2001<\/strong><\/td><td><strong>Strobl am Wolfgangsee<\/strong><\/td><\/tr><tr><td><strong>2002<\/strong><\/td><td><strong>Altm\u00fcnster<\/strong><\/td><\/tr><tr><td><strong>2003<\/strong><\/td><td><strong>Saalfelden<\/strong><\/td><\/tr><tr><td><strong>2004<\/strong><\/td><td><strong>Goldegg, St. Veit, Schwarzach<\/strong><\/td><\/tr><tr><td><strong>2005<\/strong><\/td><td><strong>Mondsee<\/strong><\/td><\/tr><tr><td><strong>2006<\/strong><\/td><td><strong>Attersee<\/strong><\/td><\/tr><tr><td><strong>2007<\/strong><\/td><td><strong>V\u00f6cklabruck<\/strong><\/td><\/tr><tr><td><strong>2008<\/strong><\/td><td><strong>Obertrum am See<\/strong><\/td><\/tr><tr><td><strong>2009<\/strong><\/td><td><strong>Melk<\/strong><\/td><\/tr><tr><td><strong>2010<\/strong><\/td><td><strong>Dorfgastein<\/strong><\/td><\/tr><tr><td><strong>2011<\/strong><\/td><td><strong>Zell am Moos \/ Irrsee<\/strong><\/td><\/tr><tr><td><strong>2012<\/strong><\/td><td><strong>Fuschl am See<\/strong><\/td><\/tr><tr><td><strong>2013<\/strong><\/td><td><strong>Kaprun<\/strong><\/td><\/tr><tr><td><strong>2014<\/strong><\/td><td><strong>Altm\u00fcnster<\/strong><\/td><\/tr><tr><td><strong>2015<\/strong><\/td><td><strong>Mauterndorf<\/strong><\/td><\/tr><tr><td><strong>2016<\/strong><\/td><td><strong>Schl\u00f6gen<\/strong><\/td><\/tr><tr><td><strong>2017<\/strong><\/td><td><strong>Filzmoos<\/strong><\/td><\/tr><tr><td><strong>2018<\/strong><\/td><td><strong>Millstatt<\/strong><\/td><\/tr><tr><td><strong>2019<\/strong><\/td><td><strong>Gosau<\/strong><\/td><\/tr><tr><td><strong>2020<\/strong><\/td><td><strong>Ansfelden bei Linz<\/strong><\/td><\/tr><tr><td><strong>2021<\/strong><\/td><td><strong>Haibach \/ Schl\u00f6gen<\/strong><\/td><\/tr><tr><td><strong>2022<\/strong><\/td><td><strong>St. Georgen am Kreischberg<\/strong><\/td><\/tr><tr><td><strong>2023<\/strong><\/td><td><strong>Ansfelden bei Linz<\/strong><\/td><\/tr><tr><td><strong>2024<\/strong><\/td><td><strong>St. Johann in Tirol<\/strong><\/td><\/tr><tr><td>2025<\/td><td>Sc<strong>hloss Kassegg in St. Gallen \/ Steiermark<\/strong><\/td><\/tr><\/tbody><\/table><\/figure>\n\n\n\n<p><\/p>\n","protected":false},"excerpt":{"rendered":"<p>Der Borgward Club Austria wurde im Jahre 1982 von 27 Freunden der Automarken Borgward &#8211; Hansa &#8211; Goliath und Lloyd gegr\u00fcndet. Der Verein, dessen T\u00e4tigkeit nicht auf Gewinn gerichtet ist, besteht vor allem f\u00fcr die Erhaltung und Pflege der Fahrzeuge aus der Borgwardgruppe! Um ein gutes Gelingen des Vorhabens zu gew\u00e4hren, wurde beschlossen, Zusammenk\u00fcnfte zum Zweck des Erfahrungsaustausches, Tausch oder Verkauf von Ersatzteilen, zwei Clubabende, eine Fr\u00fchjahrs- und eine Herbstausfahrt&#8230;<\/p>\n","protected":false},"author":1,"featured_media":173,"parent":0,"menu_order":0,"comment_status":"closed","ping_status":"closed","template":"","meta":{"ngg_post_thumbnail":0,"footnotes":""},"class_list":["post-214","page","type-page","status-publish","has-post-thumbnail","hentry"],"_links":{"self":[{"href":"http:\/\/borgward.at\/index.php?rest_route=\/wp\/v2\/pages\/214","targetHints":{"allow":["GET"]}}],"collection":[{"href":"http:\/\/borgward.at\/index.php?rest_route=\/wp\/v2\/pages"}],"about":[{"href":"http:\/\/borgward.at\/index.php?rest_route=\/wp\/v2\/types\/page"}],"author":[{"embeddable":true,"href":"http:\/\/borgward.at\/index.php?rest_route=\/wp\/v2\/users\/1"}],"replies":[{"embeddable":true,"href":"http:\/\/borgward.at\/index.php?rest_route=%2Fwp%2Fv2%2Fcomments&post=214"}],"version-history":[{"count":42,"href":"http:\/\/borgward.at\/index.php?rest_route=\/wp\/v2\/pages\/214\/revisions"}],"predecessor-version":[{"id":2354,"href":"http:\/\/borgward.at\/index.php?rest_route=\/wp\/v2\/pages\/214\/revisions\/2354"}],"wp:featuredmedia":[{"embeddable":true,"href":"http:\/\/borgward.at\/index.php?rest_route=\/wp\/v2\/media\/173"}],"wp:attachment":[{"href":"http:\/\/borgward.at\/index.php?rest_route=%2Fwp%2Fv2%2Fmedia&parent=214"}],"curies":[{"name":"wp","href":"https:\/\/api.w.org\/{rel}","templated":true}]}}