{"id":67,"date":"2019-11-10T20:40:24","date_gmt":"2019-11-10T19:40:24","guid":{"rendered":"http:\/\/bca.borgward.at\/?page_id=67"},"modified":"2019-11-23T10:24:46","modified_gmt":"2019-11-23T09:24:46","slug":"bildergalerie","status":"publish","type":"page","link":"http:\/\/borgward.at\/?page_id=67","title":{"rendered":"Bildergalerie"},"content":{"rendered":"\nngg_shortcode_0_placeholder\n\n\n\n<p class=\"has-medium-font-size\"><strong>Fr\u00fchjahrsausfahrten<\/strong><\/p>\n\n\n\nngg_shortcode_1_placeholder\n\n\n\n<p class=\"has-medium-font-size\"><strong>Jahrestreffen<\/strong><\/p>\n\n\n\nngg_shortcode_2_placeholder\n\n\n\n<p class=\"has-medium-font-size\"><strong>Herbstausfahrten<\/strong><\/p>\n\n\n\nngg_shortcode_3_placeholder\n\n\n\n<p class=\"has-medium-font-size\"><strong>BCA Mitglieder unterwegs<\/strong><\/p>\n\n\n\nngg_shortcode_4_placeholder\n\n\n\n<p>F\u00fcr Mitglieder besteht die M\u00f6glichkeit eigene Bilder von unterwegs zur Verf\u00fcgung zu stellen.  Bilder mit Ortsangabe bitte per Mail an <a href=\"mailto:wuernschimmel@borgward.org\">Gerhard W\u00fcrnschimmel<\/a> oder <a href=\"mailto:borgward@drei.at\">Gerald  Maftievici<\/a>.<\/p>\n","protected":false},"excerpt":{"rendered":"<p>Fr\u00fchjahrsausfahrten Jahrestreffen Herbstausfahrten BCA Mitglieder unterwegs F\u00fcr Mitglieder besteht die M\u00f6glichkeit eigene Bilder von unterwegs zur Verf\u00fcgung zu stellen. Bilder mit Ortsangabe bitte per Mail an Gerhard W\u00fcrnschimmel oder Gerald Maftievici.<\/p>\n","protected":false},"author":1,"featured_media":0,"parent":0,"menu_order":0,"comment_status":"closed","ping_status":"closed","template":"","meta":{"ngg_post_thumbnail":0,"footnotes":""},"class_list":["post-67","page","type-page","status-publish","hentry"],"_links":{"self":[{"href":"http:\/\/borgward.at\/index.php?rest_route=\/wp\/v2\/pages\/67","targetHints":{"allow":["GET"]}}],"collection":[{"href":"http:\/\/borgward.at\/index.php?rest_route=\/wp\/v2\/pages"}],"about":[{"href":"http:\/\/borgward.at\/index.php?rest_route=\/wp\/v2\/types\/page"}],"author":[{"embeddable":true,"href":"http:\/\/borgward.at\/index.php?rest_route=\/wp\/v2\/users\/1"}],"replies":[{"embeddable":true,"href":"http:\/\/borgward.at\/index.php?rest_route=%2Fwp%2Fv2%2Fcomments&post=67"}],"version-history":[{"count":17,"href":"http:\/\/borgward.at\/index.php?rest_route=\/wp\/v2\/pages\/67\/revisions"}],"predecessor-version":[{"id":989,"href":"http:\/\/borgward.at\/index.php?rest_route=\/wp\/v2\/pages\/67\/revisions\/989"}],"wp:attachment":[{"href":"http:\/\/borgward.at\/index.php?rest_route=%2Fwp%2Fv2%2Fmedia&parent=67"}],"curies":[{"name":"wp","href":"https:\/\/api.w.org\/{rel}","templated":true}]}}